{"id":51,"date":"2012-11-13T16:33:13","date_gmt":"2012-11-13T16:33:13","guid":{"rendered":"http:\/\/till-moritz-schneider-osteo.de\/?page_id=51"},"modified":"2013-01-25T08:31:17","modified_gmt":"2013-01-25T08:31:17","slug":"impressum","status":"publish","type":"page","link":"http:\/\/till-moritz-schneider-osteo.de\/?page_id=51","title":{"rendered":"Impressum"},"content":{"rendered":"<h1><span style=\"color: #504c7a;\">Impressum nach \u00a76TDG\/\u00a710MDStV<\/span><\/h1>\n<p><span style=\"color: #504c7a;\">Till Moritz Schneider, Heilpraktiker<\/span><\/p>\n<h2><span style=\"color: #504c7a;\">1. Name und Anschrift des Dienstanbieters<\/span><\/h2>\n<p><span style=\"color: #504c7a;\">Till Moritz Schneider<\/span><br \/>\n<span style=\"color: #504c7a;\"> Maximilianstr. 48<\/span><br \/>\n<span style=\"color: #504c7a;\"> 76534 Baden-Baden<\/span><\/p>\n<h2><span style=\"color: #504c7a;\">2. Kommunikation<\/span><\/h2>\n<p><span style=\"color: #504c7a;\">Tel.: +49 (0)7221 &#8211; 377 42 00<\/span><br \/>\n<span style=\"color: #504c7a;\"> Fax:\u00a0+49 (0)7221 &#8211; 377 42 01<\/span><br \/>\n<span style=\"color: #504c7a;\"> Internet:\u00a0<a href=\"http:\/\/www.till-moritz-schneider-osteo.de\/\"><span style=\"color: #504c7a;\">www.till-moritz-schneider-osteo.de<\/span><\/a><\/span><\/p>\n<h2><span style=\"color: #504c7a;\">3. Aufsichtsbeh\u00f6rde<\/span><\/h2>\n<p><span style=\"color: #504c7a;\">Gesundheitsamt &#8211; Au\u00dfenstelle Baden-Baden<\/span><br \/>\n<span style=\"color: #504c7a;\"> Briegelackerstra\u00dfe 38<\/span><br \/>\n<span style=\"color: #504c7a;\"> 76532 Baden-Baden<\/span><\/p>\n<h2><span style=\"color: #504c7a;\">4. Berufsrechtliche Angaben<\/span><\/h2>\n<p><span style=\"color: #504c7a;\">Die Berufsbezeichnung lautet: Heilpraktiker (Deutschland) Die berufsrechtliche Regelung bildet das \u201eGesetz \u00fcber die berufsm\u00e4\u00dfige Aus\u00fcbung der Heilkunde ohne Bestallung\u201c (Heilpraktikergesetz) vom 17.02.1939, ge\u00e4ndert durch Art. 53 der EGStGB vom 02.03.1974.<\/span><\/p>\n<h2><span style=\"color: #504c7a;\">5. Inhaltlich Verantwortliche gem\u00e4\u00df \u00a7 6 MDStV<\/span><\/h2>\n<p><span style=\"color: #504c7a;\">Till Schneider<\/span><\/p>\n<h2><span style=\"color: #504c7a;\">6. Haftungshinweis<\/span><\/h2>\n<p><span style=\"color: #504c7a;\">Trotz sorgf\u00e4ltiger inhaltlicher Kontrolle \u00fcbernehmen wir keine Haftung f\u00fcr die Inhalte externer Links. F\u00fcr den Inhalt der verlinkten Seiten sind ausschlie\u00dflich die Betreiber verantwortlich.<\/span><\/p>\n<h2><span style=\"color: #504c7a;\">Gestaltung<\/span><\/h2>\n<p><span style=\"color: #504c7a;\">Ewelina Schneider<\/span><\/p>\n<p><span style=\"color: #504c7a;\">07221\/7711825<\/span><\/p>\n","protected":false},"excerpt":{"rendered":"<p>Impressum nach \u00a76TDG\/\u00a710MDStV Till Moritz Schneider, Heilpraktiker 1. Name und Anschrift des Dienstanbieters Till Moritz Schneider Maximilianstr. 48 76534 Baden-Baden 2. Kommunikation Tel.: +49 (0)7221 &#8211; 377 42 00 Fax:\u00a0+49 (0)7221 &#8211; 377 42 01 Internet:\u00a0www.till-moritz-schneider-osteo.de 3. Aufsichtsbeh\u00f6rde Gesundheitsamt &#8211; &hellip; <a href=\"http:\/\/till-moritz-schneider-osteo.de\/?page_id=51\">Weiterlesen <span class=\"meta-nav\">&rarr;<\/span><\/a><\/p>\n","protected":false},"author":1,"featured_media":0,"parent":0,"menu_order":6,"comment_status":"closed","ping_status":"closed","template":"","meta":[],"_links":{"self":[{"href":"http:\/\/till-moritz-schneider-osteo.de\/index.php?rest_route=\/wp\/v2\/pages\/51"}],"collection":[{"href":"http:\/\/till-moritz-schneider-osteo.de\/index.php?rest_route=\/wp\/v2\/pages"}],"about":[{"href":"http:\/\/till-moritz-schneider-osteo.de\/index.php?rest_route=\/wp\/v2\/types\/page"}],"author":[{"embeddable":true,"href":"http:\/\/till-moritz-schneider-osteo.de\/index.php?rest_route=\/wp\/v2\/users\/1"}],"replies":[{"embeddable":true,"href":"http:\/\/till-moritz-schneider-osteo.de\/index.php?rest_route=%2Fwp%2Fv2%2Fcomments&post=51"}],"version-history":[{"count":12,"href":"http:\/\/till-moritz-schneider-osteo.de\/index.php?rest_route=\/wp\/v2\/pages\/51\/revisions"}],"predecessor-version":[{"id":281,"href":"http:\/\/till-moritz-schneider-osteo.de\/index.php?rest_route=\/wp\/v2\/pages\/51\/revisions\/281"}],"wp:attachment":[{"href":"http:\/\/till-moritz-schneider-osteo.de\/index.php?rest_route=%2Fwp%2Fv2%2Fmedia&parent=51"}],"curies":[{"name":"wp","href":"https:\/\/api.w.org\/{rel}","templated":true}]}}