{"id":45,"date":"2012-11-13T16:25:56","date_gmt":"2012-11-13T16:25:56","guid":{"rendered":"http:\/\/till-moritz-schneider-osteo.de\/?page_id=45"},"modified":"2012-11-19T16:41:06","modified_gmt":"2012-11-19T16:41:06","slug":"kosten-und-dauer","status":"publish","type":"page","link":"http:\/\/till-moritz-schneider-osteo.de\/?page_id=45","title":{"rendered":"Kontakt \/ Anfahrt"},"content":{"rendered":"<p><a href=\"http:\/\/till-moritz-schneider-osteo.de\/wp-content\/uploads\/2012\/11\/Weg1.jpg\"><img decoding=\"async\" loading=\"lazy\" class=\"wp-image-114 alignnone\" title=\"Weg\" src=\"http:\/\/till-moritz-schneider-osteo.de\/wp-content\/uploads\/2012\/11\/Weg1.jpg\" alt=\"\" width=\"1262\" height=\"890\" srcset=\"http:\/\/till-moritz-schneider-osteo.de\/wp-content\/uploads\/2012\/11\/Weg1.jpg 1262w, http:\/\/till-moritz-schneider-osteo.de\/wp-content\/uploads\/2012\/11\/Weg1-300x211.jpg 300w, http:\/\/till-moritz-schneider-osteo.de\/wp-content\/uploads\/2012\/11\/Weg1-1024x722.jpg 1024w, http:\/\/till-moritz-schneider-osteo.de\/wp-content\/uploads\/2012\/11\/Weg1-425x300.jpg 425w\" sizes=\"(max-width: 1262px) 100vw, 1262px\" \/><\/a><\/p>\n<h6><span style=\"color: #504c7a;\">Aus dem Michaelstunnel kommend, befinden Sie sich bereits auf der B500=Maximilianstr.<\/span><\/h6>\n<h6><span style=\"color: #504c7a;\">Sie finden die Praxis auf der rechten Seite schr\u00e4g gegen\u00fcber der Aral Tankstelle.<\/span><\/h6>\n<p><span style=\"color: #504c7a;\">\u00a0<\/span><\/p>\n<h6><span style=\"color: #504c7a;\">Maximilianstr. 48<\/span><\/h6>\n<h6><span style=\"color: #504c7a;\">76534 Baden-Baden<\/span><\/h6>\n<h6><span style=\"color: #504c7a;\">Tel. 07221-377 42 00<\/span><\/h6>\n<h6><span style=\"color: #504c7a;\">Fax. 07221-377 42 01<\/span><\/h6>\n<p style=\"text-align: left;\"><span style=\"color: #504c7a;\">Terminvergabe telefonisch.<\/span><\/p>\n<h6 style=\"text-align: left;\"><span style=\"color: #504c7a;\">Generelle \u00d6ffnungszeiten sind\u00a08:00-18:00<\/span><\/h6>\n<h6><\/h6>\n<h6><span style=\"color: #504c7a;\"><a href=\"http:\/\/till-moritz-schneider-osteo.de\/wp-content\/uploads\/2012\/11\/parking.jpg\"><span style=\"color: #504c7a;\"><img decoding=\"async\" loading=\"lazy\" class=\" wp-image-128 alignnone\" title=\"parking\" src=\"http:\/\/till-moritz-schneider-osteo.de\/wp-content\/uploads\/2012\/11\/parking.jpg\" alt=\"\" width=\"43\" height=\"41\" \/><\/span><\/a>Parken k\u00f6nnen Sie auf dem Stellplatz direkt vor der Praxis,\u00a0links neben dem Eingang an der Mauer (bitte Zugang zu den M\u00fclltonnen lassen).<\/span><\/h6>\n<h6><span style=\"color: #504c7a;\">Alternativ gibt es in den umliegenden Stra\u00dfen \u00f6ffentliche, kostenfreie Parkpl\u00e4tze,\u00a0<\/span><\/h6>\n<h6><span style=\"color: #504c7a;\">z.B. gegen\u00fcber der Praxis.<\/span><\/h6>\n","protected":false},"excerpt":{"rendered":"<p>Aus dem Michaelstunnel kommend, befinden Sie sich bereits auf der B500=Maximilianstr. Sie finden die Praxis auf der rechten Seite schr\u00e4g gegen\u00fcber der Aral Tankstelle. \u00a0 Maximilianstr. 48 76534 Baden-Baden Tel. 07221-377 42 00 Fax. 07221-377 42 01 Terminvergabe telefonisch. Generelle &hellip; <a href=\"http:\/\/till-moritz-schneider-osteo.de\/?page_id=45\">Weiterlesen <span class=\"meta-nav\">&rarr;<\/span><\/a><\/p>\n","protected":false},"author":1,"featured_media":0,"parent":0,"menu_order":4,"comment_status":"closed","ping_status":"open","template":"","meta":[],"_links":{"self":[{"href":"http:\/\/till-moritz-schneider-osteo.de\/index.php?rest_route=\/wp\/v2\/pages\/45"}],"collection":[{"href":"http:\/\/till-moritz-schneider-osteo.de\/index.php?rest_route=\/wp\/v2\/pages"}],"about":[{"href":"http:\/\/till-moritz-schneider-osteo.de\/index.php?rest_route=\/wp\/v2\/types\/page"}],"author":[{"embeddable":true,"href":"http:\/\/till-moritz-schneider-osteo.de\/index.php?rest_route=\/wp\/v2\/users\/1"}],"replies":[{"embeddable":true,"href":"http:\/\/till-moritz-schneider-osteo.de\/index.php?rest_route=%2Fwp%2Fv2%2Fcomments&post=45"}],"version-history":[{"count":18,"href":"http:\/\/till-moritz-schneider-osteo.de\/index.php?rest_route=\/wp\/v2\/pages\/45\/revisions"}],"predecessor-version":[{"id":237,"href":"http:\/\/till-moritz-schneider-osteo.de\/index.php?rest_route=\/wp\/v2\/pages\/45\/revisions\/237"}],"wp:attachment":[{"href":"http:\/\/till-moritz-schneider-osteo.de\/index.php?rest_route=%2Fwp%2Fv2%2Fmedia&parent=45"}],"curies":[{"name":"wp","href":"https:\/\/api.w.org\/{rel}","templated":true}]}}