{"id":165,"date":"2012-11-18T17:59:39","date_gmt":"2012-11-18T17:59:39","guid":{"rendered":"http:\/\/till-moritz-schneider-osteo.de\/?page_id=165"},"modified":"2012-11-19T16:40:25","modified_gmt":"2012-11-19T16:40:25","slug":"kinder-jugendliche","status":"publish","type":"page","link":"http:\/\/till-moritz-schneider-osteo.de\/?page_id=165","title":{"rendered":"Kinder &#038; Jugendliche"},"content":{"rendered":"<h2><span style=\"color: #504c7a;\">Im folgenden finden Sie eine Auflistung h\u00e4ufig auftretender Beschwerden, bei den eine osteopathische Abhilfe schaffen kann.<\/span><\/h2>\n<h2><\/h2>\n<h2><span style=\"color: #504c7a;\">Kleinkinder<\/span><\/h2>\n<ul>\n<li><span style=\"color: #504c7a;\">Verdauungsprobleme, Verstopfung, \u00dcbelkeit<\/span><\/li>\n<li><span style=\"color: #504c7a;\">Asthma,chronische\u00a0Tonsillitis, Allergien, Infektanf\u00e4lligkeit, Bronchitis,\u00a0Sinusitis<\/span><\/li>\n<li><span style=\"color: #504c7a;\">Sch\u00e4deltrauma, Gehirnersch\u00fctterung,<\/span><\/li>\n<li><span style=\"color: #504c7a;\">R\u00fcckenschmerzen,\u00a0Skoliose, Gliederschmerzen, Wachstumsschmerzen<\/span><\/li>\n<li><span style=\"color: #504c7a;\">Traumatische Verletzung<\/span><\/li>\n<li><span style=\"color: #504c7a;\">Schieflagesyndrome,\u00a0KISS-Syndrom, Schiefhals<\/span><\/li>\n<li><span style=\"color: #504c7a;\">Kieferprobleme, Bissst\u00f6rungen<\/span><\/li>\n<li><span style=\"color: #504c7a;\">Wiederkehrende Mittelohrentz\u00fcndung, Mandelentz\u00fcndung, Nebenh\u00f6hlenentz\u00fcndung<\/span><\/li>\n<\/ul>\n<p><span style=\"color: #504c7a;\">\u00a0<\/span><\/p>\n<h2><span style=\"color: #504c7a;\">Jugendliche:<\/span><\/h2>\n<ul>\n<li><span style=\"color: #504c7a;\">Konzentrationsschwierigkeiten in der Schule<\/span><\/li>\n<li><span style=\"color: #504c7a;\">Kopfweh, Ersch\u00f6pfung, \u00c4ngste<\/span><\/li>\n<li><span style=\"color: #504c7a;\">Lernst\u00f6rungen, Verhaltensprobleme<\/span><\/li>\n<li><span style=\"color: #504c7a;\">Verdauungsprobleme, \u00dcbelkeit<\/span><\/li>\n<li><span style=\"color: #504c7a;\">Unterst\u00fctzenden Behandlung bei Kieferkorrekturen<\/span><\/li>\n<li><span style=\"color: #504c7a;\">unklare Schmerzen am Bewegungsapparat<\/span><\/li>\n<li><span style=\"color: #504c7a;\">schwache Muskeln<\/span><\/li>\n<li><span style=\"color: #504c7a;\">Wachstumsschmerzen<\/span><\/li>\n<li><span style=\"color: #504c7a;\">ADS,\u00a0ADHS<\/span><\/li>\n<\/ul>\n","protected":false},"excerpt":{"rendered":"<p>Im folgenden finden Sie eine Auflistung h\u00e4ufig auftretender Beschwerden, bei den eine osteopathische Abhilfe schaffen kann. Kleinkinder Verdauungsprobleme, Verstopfung, \u00dcbelkeit Asthma,chronische\u00a0Tonsillitis, Allergien, Infektanf\u00e4lligkeit, Bronchitis,\u00a0Sinusitis Sch\u00e4deltrauma, Gehirnersch\u00fctterung, R\u00fcckenschmerzen,\u00a0Skoliose, Gliederschmerzen, Wachstumsschmerzen Traumatische Verletzung Schieflagesyndrome,\u00a0KISS-Syndrom, Schiefhals Kieferprobleme, Bissst\u00f6rungen Wiederkehrende Mittelohrentz\u00fcndung, Mandelentz\u00fcndung, Nebenh\u00f6hlenentz\u00fcndung \u00a0 &hellip; <a href=\"http:\/\/till-moritz-schneider-osteo.de\/?page_id=165\">Weiterlesen <span class=\"meta-nav\">&rarr;<\/span><\/a><\/p>\n","protected":false},"author":1,"featured_media":0,"parent":43,"menu_order":3,"comment_status":"closed","ping_status":"open","template":"","meta":[],"_links":{"self":[{"href":"http:\/\/till-moritz-schneider-osteo.de\/index.php?rest_route=\/wp\/v2\/pages\/165"}],"collection":[{"href":"http:\/\/till-moritz-schneider-osteo.de\/index.php?rest_route=\/wp\/v2\/pages"}],"about":[{"href":"http:\/\/till-moritz-schneider-osteo.de\/index.php?rest_route=\/wp\/v2\/types\/page"}],"author":[{"embeddable":true,"href":"http:\/\/till-moritz-schneider-osteo.de\/index.php?rest_route=\/wp\/v2\/users\/1"}],"replies":[{"embeddable":true,"href":"http:\/\/till-moritz-schneider-osteo.de\/index.php?rest_route=%2Fwp%2Fv2%2Fcomments&post=165"}],"version-history":[{"count":10,"href":"http:\/\/till-moritz-schneider-osteo.de\/index.php?rest_route=\/wp\/v2\/pages\/165\/revisions"}],"predecessor-version":[{"id":235,"href":"http:\/\/till-moritz-schneider-osteo.de\/index.php?rest_route=\/wp\/v2\/pages\/165\/revisions\/235"}],"up":[{"embeddable":true,"href":"http:\/\/till-moritz-schneider-osteo.de\/index.php?rest_route=\/wp\/v2\/pages\/43"}],"wp:attachment":[{"href":"http:\/\/till-moritz-schneider-osteo.de\/index.php?rest_route=%2Fwp%2Fv2%2Fmedia&parent=165"}],"curies":[{"name":"wp","href":"https:\/\/api.w.org\/{rel}","templated":true}]}}