{"id":161,"date":"2012-11-18T17:58:57","date_gmt":"2012-11-18T17:58:57","guid":{"rendered":"http:\/\/till-moritz-schneider-osteo.de\/?page_id=161"},"modified":"2012-11-19T16:39:41","modified_gmt":"2012-11-19T16:39:41","slug":"schwangere-2","status":"publish","type":"page","link":"http:\/\/till-moritz-schneider-osteo.de\/?page_id=161","title":{"rendered":"Schwangere"},"content":{"rendered":"<p><span style=\"color: #504c7a;\">Die Osteopathie kann bei folgenden Beschwerden der werdenden Mutter Abhilfe schaffen:<\/span><\/p>\n<ul>\n<li><span style=\"color: #504c7a;\">Becken- und R\u00fcckenschmerzen<\/span><\/li>\n<li><span style=\"color: #504c7a;\">Gyn\u00e4kologische Beschwerden<\/span><\/li>\n<li><span style=\"color: #504c7a;\">Ischiasprobleme<\/span><\/li>\n<li><span style=\"color: #504c7a;\">Kurzatmigkeit<\/span><\/li>\n<li><span style=\"color: #504c7a;\">Reizblase<\/span><\/li>\n<li><span style=\"color: #504c7a;\">Wassereinlagerungen<\/span><\/li>\n<li><span style=\"color: #504c7a;\">Kribbeln in Armen und H\u00e4nden<\/span><\/li>\n<li><span style=\"color: #504c7a;\">Verdauungsbeschwerden<\/span><\/li>\n<li><span style=\"color: #504c7a;\">Selbstregulation unterst\u00fctzen<\/span><\/li>\n<li><span style=\"color: #504c7a;\">H\u00e4morrhoiden vorbeugen oder bei schon entstandene H\u00e4morrhoiden die R\u00fcckbildung zu unterst\u00fctzen<\/span><\/li>\n<\/ul>\n<p><span style=\"color: #504c7a;\">Ebenfalls bei nachgeburtlichen Beschwerden, wie z.B.:<\/span><\/p>\n<ul>\n<li><span style=\"color: #504c7a;\">\u009fGyn\u00e4kologische Beschwerden<\/span><\/li>\n<li><span style=\"color: #504c7a;\">Beckenblockaden, R\u00fcckenschmerzen,\u00a0Schmerzen beim Laufen<\/span><\/li>\n<li><span style=\"color: #504c7a;\">Kopfschmerzen, Migr\u00e4ne<\/span><\/li>\n<li><span style=\"color: #504c7a;\">Blasenst\u00f6rungen<\/span><\/li>\n<li><span style=\"color: #504c7a;\">Menstruationsschmerz<\/span><\/li>\n<li><span style=\"color: #504c7a;\">\u009fInkontinenz (Blase als auch Darm)<\/span><\/li>\n<\/ul>\n","protected":false},"excerpt":{"rendered":"<p>Die Osteopathie kann bei folgenden Beschwerden der werdenden Mutter Abhilfe schaffen: Becken- und R\u00fcckenschmerzen Gyn\u00e4kologische Beschwerden Ischiasprobleme Kurzatmigkeit Reizblase Wassereinlagerungen Kribbeln in Armen und H\u00e4nden Verdauungsbeschwerden Selbstregulation unterst\u00fctzen H\u00e4morrhoiden vorbeugen oder bei schon entstandene H\u00e4morrhoiden die R\u00fcckbildung zu unterst\u00fctzen Ebenfalls &hellip; <a href=\"http:\/\/till-moritz-schneider-osteo.de\/?page_id=161\">Weiterlesen <span class=\"meta-nav\">&rarr;<\/span><\/a><\/p>\n","protected":false},"author":1,"featured_media":0,"parent":43,"menu_order":1,"comment_status":"closed","ping_status":"open","template":"","meta":[],"_links":{"self":[{"href":"http:\/\/till-moritz-schneider-osteo.de\/index.php?rest_route=\/wp\/v2\/pages\/161"}],"collection":[{"href":"http:\/\/till-moritz-schneider-osteo.de\/index.php?rest_route=\/wp\/v2\/pages"}],"about":[{"href":"http:\/\/till-moritz-schneider-osteo.de\/index.php?rest_route=\/wp\/v2\/types\/page"}],"author":[{"embeddable":true,"href":"http:\/\/till-moritz-schneider-osteo.de\/index.php?rest_route=\/wp\/v2\/users\/1"}],"replies":[{"embeddable":true,"href":"http:\/\/till-moritz-schneider-osteo.de\/index.php?rest_route=%2Fwp%2Fv2%2Fcomments&post=161"}],"version-history":[{"count":6,"href":"http:\/\/till-moritz-schneider-osteo.de\/index.php?rest_route=\/wp\/v2\/pages\/161\/revisions"}],"predecessor-version":[{"id":233,"href":"http:\/\/till-moritz-schneider-osteo.de\/index.php?rest_route=\/wp\/v2\/pages\/161\/revisions\/233"}],"up":[{"embeddable":true,"href":"http:\/\/till-moritz-schneider-osteo.de\/index.php?rest_route=\/wp\/v2\/pages\/43"}],"wp:attachment":[{"href":"http:\/\/till-moritz-schneider-osteo.de\/index.php?rest_route=%2Fwp%2Fv2%2Fmedia&parent=161"}],"curies":[{"name":"wp","href":"https:\/\/api.w.org\/{rel}","templated":true}]}}